{"id":916,"date":"2018-09-05T14:41:51","date_gmt":"2018-09-05T12:41:51","guid":{"rendered":"http:\/\/www.angelikakroyer.at\/?page_id=916"},"modified":"2022-10-19T19:23:23","modified_gmt":"2022-10-19T17:23:23","slug":"kontakt-anfahrt","status":"publish","type":"page","link":"https:\/\/www.angelikakroyer.at\/?page_id=916","title":{"rendered":"Kontakt | Anfahrt"},"content":{"rendered":"<div class=\"wpb-content-wrapper\"><p>[vc_row gap=&#8220;25&#8243; bg_type=&#8220;image&#8220; parallax_style=&#8220;vcpb-vz-jquery&#8220; bg_image_repeat=&#8220;no-repeat&#8220; bg_image_size=&#8220;contain&#8220; bg_override=&#8220;1&#8243; seperator_enable=&#8220;off&#8220; ult_hide_row=&#8220;off&#8220; type=&#8220;vc_default&#8220; anchor=&#8220;schedule&#8220; css=&#8220;.vc_custom_1536846819822{padding-top: 5% !important;padding-bottom: 100px !important;background-position: 0 0 !important;background-repeat: no-repeat !important;}&#8220; el_id=&#8220;schedule&#8220;][vc_column width=&#8220;1\/2&#8243; css=&#8220;.vc_custom_1536763805640{padding-bottom: 50px !important;background-image: url(http:\/\/www.angelikakroyer.at\/wp-content\/uploads\/2018\/09\/kreis.png?id=934) !important;background-position: center !important;background-repeat: no-repeat !important;background-size: contain !important;}&#8220;][vc_column_text css=&#8220;.vc_custom_1666200203755{padding-bottom: 40px !important;}&#8220;]Kontaktieren Sie mich gerne f\u00fcr ein unverbindliches pers\u00f6nliches Erstgespr\u00e4ch:<\/p>\n<p><strong>MSt. Angelika Kroyer, MSc<\/strong><br \/>\n0043 664 611 41 37<br \/>\n<a href=\"mailto:beratung@angelikakroyer.at\">beratung@angelikakroyer.at<\/a><\/p>\n<p>&nbsp;<\/p>\n<h4>Standort Trausdorf<\/h4>\n<p>B\u00fcro I Praxis<br \/>\n<a href=\"https:\/\/goo.gl\/maps\/54xhzE5qqYvwdxxT9\" target=\"_blank\" rel=\"noopener noreferrer\">Untere Hauptstrasse 74<\/a><br \/>\n7061 Trausdorf<\/p>\n<h4>Standort Eisenstadt<\/h4>\n<p>Psychologische Praxis<br \/>\n<a href=\"https:\/\/goo.gl\/maps\/PBbwe1T6svGA2yBm6\" target=\"_blank\" rel=\"noopener noreferrer\">Blumengasse 3 I Top 4<\/a><br \/>\n7000 Eisenstadt[\/vc_column_text][\/vc_column][vc_column width=&#8220;1\/2&#8243;][vc_column_text]\n<div class=\"wpcf7 no-js\" id=\"wpcf7-f1085-o1\" lang=\"de-DE\" dir=\"ltr\" data-wpcf7-id=\"1085\">\n<div class=\"screen-reader-response\"><p role=\"status\" aria-live=\"polite\" aria-atomic=\"true\"><\/p> <ul><\/ul><\/div>\n<form action=\"\/index.php?rest_route=%2Fwp%2Fv2%2Fpages%2F916#wpcf7-f1085-o1\" method=\"post\" class=\"wpcf7-form init\" aria-label=\"Kontaktformular\" novalidate=\"novalidate\" data-status=\"init\">\n<fieldset class=\"hidden-fields-container\"><input type=\"hidden\" name=\"_wpcf7\" value=\"1085\" \/><input type=\"hidden\" name=\"_wpcf7_version\" value=\"6.1.4\" \/><input type=\"hidden\" name=\"_wpcf7_locale\" value=\"de_DE\" \/><input type=\"hidden\" name=\"_wpcf7_unit_tag\" value=\"wpcf7-f1085-o1\" \/><input type=\"hidden\" name=\"_wpcf7_container_post\" value=\"0\" \/><input type=\"hidden\" name=\"_wpcf7_posted_data_hash\" value=\"\" \/><input type=\"hidden\" name=\"_wpcf7_recaptcha_response\" value=\"\" \/>\n<\/fieldset>\n<p><label> Ihr Name<br \/>\n<span class=\"wpcf7-form-control-wrap\" data-name=\"your-name\"><input size=\"40\" maxlength=\"400\" class=\"wpcf7-form-control wpcf7-text wpcf7-validates-as-required\" id=\"bggrey\" aria-required=\"true\" aria-invalid=\"false\" value=\"\" type=\"text\" name=\"your-name\" \/><\/span> <\/label>\n<\/p>\n<p><label> Ihre E-Mail-Adresse<br \/>\n<span class=\"wpcf7-form-control-wrap\" data-name=\"your-email\"><input size=\"40\" maxlength=\"400\" class=\"wpcf7-form-control wpcf7-email wpcf7-validates-as-required wpcf7-text wpcf7-validates-as-email\" aria-required=\"true\" aria-invalid=\"false\" value=\"\" type=\"email\" name=\"your-email\" \/><\/span> <\/label>\n<\/p>\n<p><label> Ihre Telefonnummer<br \/>\n<span class=\"wpcf7-form-control-wrap\" data-name=\"tel-849\"><input size=\"40\" maxlength=\"400\" class=\"wpcf7-form-control wpcf7-tel wpcf7-text wpcf7-validates-as-tel\" aria-invalid=\"false\" value=\"\" type=\"tel\" name=\"tel-849\" \/><\/span> <\/label>\n<\/p>\n<p><label> Betreff<br \/>\n<span class=\"wpcf7-form-control-wrap\" data-name=\"your-subject\"><input size=\"40\" maxlength=\"400\" class=\"wpcf7-form-control wpcf7-text\" aria-invalid=\"false\" value=\"\" type=\"text\" name=\"your-subject\" \/><\/span> <\/label>\n<\/p>\n<p><label>Ihre Nachricht<br \/>\n<span class=\"wpcf7-form-control-wrap\" data-name=\"your-message\"><textarea cols=\"40\" rows=\"10\" maxlength=\"2000\" class=\"wpcf7-form-control wpcf7-textarea\" aria-invalid=\"false\" name=\"your-message\"><\/textarea><\/span> <\/label>\n<\/p>\n<p><input class=\"wpcf7-form-control wpcf7-submit has-spinner\" type=\"submit\" value=\"Senden\" \/>\n<\/p><div class=\"wpcf7-response-output\" aria-hidden=\"true\"><\/div>\n<\/form>\n<\/div>\n<p><a href=\"http:\/\/www.angelikakroyer.at\/?page_id=1007\">Datenschutz<\/a>: Mit dem Senden der Nachricht erkl\u00e4re ich mich mit der Verarbeitung sowie einer Speicherung f\u00fcr sechs Monate der von mir angegebenen personenbezogenen Daten (z.B. Name, email-Adresse, Telefonnummer) zwecks Bearbeitung der Anfrage und f\u00fcr den Fall von Anschlussfragen einverstanden.[\/vc_column_text][\/vc_column][\/vc_row]<\/p>\n<\/div>","protected":false},"excerpt":{"rendered":"<p>[vc_row gap=&#8220;25&#8243; bg_type=&#8220;image&#8220; parallax_style=&#8220;vcpb-vz-jquery&#8220; bg_image_repeat=&#8220;no-repeat&#8220; bg_image_size=&#8220;contain&#8220; bg_override=&#8220;1&#8243; seperator_enable=&#8220;off&#8220; ult_hide_row=&#8220;off&#8220; type=&#8220;vc_default&#8220; anchor=&#8220;schedule&#8220; css=&#8220;.vc_custom_1536846819822{padding-top: 5% !important;padding-bottom: 100px !important;background-position: 0 0 !important;background-repeat: no-repeat !important;}&#8220; el_id=&#8220;schedule&#8220;][vc_column width=&#8220;1\/2&#8243; css=&#8220;.vc_custom_1536763805640{padding-bottom: 50px !important;background-image: url(http:\/\/www.angelikakroyer.at\/wp-content\/uploads\/2018\/09\/kreis.png?id=934) !important;background-position: center !important;background-repeat: no-repeat !important;background-size: contain !important;}&#8220;][vc_column_text css=&#8220;.vc_custom_1666200203755{padding-bottom: 40px !important;}&#8220;]Kontaktieren Sie mich gerne f\u00fcr ein unverbindliches pers\u00f6nliches Erstgespr\u00e4ch: MSt. Angelika Kroyer, MSc 0043 664 611 41 37 beratung@angelikakroyer.at&hellip;<\/p>\n","protected":false},"author":1,"featured_media":0,"parent":0,"menu_order":0,"comment_status":"closed","ping_status":"closed","template":"","meta":{"footnotes":""},"class_list":["post-916","page","type-page","status-publish","hentry","description-off"],"_links":{"self":[{"href":"https:\/\/www.angelikakroyer.at\/index.php?rest_route=\/wp\/v2\/pages\/916","targetHints":{"allow":["GET"]}}],"collection":[{"href":"https:\/\/www.angelikakroyer.at\/index.php?rest_route=\/wp\/v2\/pages"}],"about":[{"href":"https:\/\/www.angelikakroyer.at\/index.php?rest_route=\/wp\/v2\/types\/page"}],"author":[{"embeddable":true,"href":"https:\/\/www.angelikakroyer.at\/index.php?rest_route=\/wp\/v2\/users\/1"}],"replies":[{"embeddable":true,"href":"https:\/\/www.angelikakroyer.at\/index.php?rest_route=%2Fwp%2Fv2%2Fcomments&post=916"}],"version-history":[{"count":20,"href":"https:\/\/www.angelikakroyer.at\/index.php?rest_route=\/wp\/v2\/pages\/916\/revisions"}],"predecessor-version":[{"id":2769,"href":"https:\/\/www.angelikakroyer.at\/index.php?rest_route=\/wp\/v2\/pages\/916\/revisions\/2769"}],"wp:attachment":[{"href":"https:\/\/www.angelikakroyer.at\/index.php?rest_route=%2Fwp%2Fv2%2Fmedia&parent=916"}],"curies":[{"name":"wp","href":"https:\/\/api.w.org\/{rel}","templated":true}]}}