{"id":1007,"date":"2018-09-10T15:15:04","date_gmt":"2018-09-10T13:15:04","guid":{"rendered":"http:\/\/www.angelikakroyer.at\/?page_id=1007"},"modified":"2018-09-21T14:07:03","modified_gmt":"2018-09-21T12:07:03","slug":"datenschutz","status":"publish","type":"page","link":"https:\/\/www.angelikakroyer.at\/?page_id=1007","title":{"rendered":"Datenschutz"},"content":{"rendered":"<div class=\"wpb-content-wrapper\"><p>[vc_row gap=&#8220;25&#8243; bg_type=&#8220;image&#8220; parallax_style=&#8220;vcpb-vz-jquery&#8220; bg_image_new=&#8220;id^1064|url^http:\/\/www.angelikakroyer.at\/wp-content\/uploads\/2018\/09\/kreis_bg.png|caption^null|alt^null|title^kreis_bg|description^null&#8220; bg_image_repeat=&#8220;no-repeat&#8220; bg_image_size=&#8220;initial&#8220; bg_override=&#8220;ex-full&#8220; seperator_enable=&#8220;off&#8220; ult_hide_row=&#8220;off&#8220; type=&#8220;vc_default&#8220; anchor=&#8220;schedule&#8220; css=&#8220;.vc_custom_1536846688392{padding-top: 5% !important;padding-bottom: 100px !important;background-position: 0 0 !important;background-repeat: no-repeat !important;}&#8220; el_id=&#8220;schedule&#8220;][vc_column width=&#8220;1\/2&#8243; css=&#8220;.vc_custom_1536668408586{padding-bottom: 50px !important;background-position: center !important;background-repeat: no-repeat !important;background-size: cover !important;}&#8220;][vc_column_text css=&#8220;.vc_custom_1537531589650{padding-bottom: 40px !important;}&#8220;]<\/p>\n<h4>Datenschutz<\/h4>\n<p><strong>Datenschutzerkl\u00e4rung:<\/strong><br \/>\nDer Schutz Ihrer pers\u00f6nlichen Daten ist mir ein besonderes Anliegen. Ihre Daten werden daher ausschlie\u00dflich auf Grundlage der gesetzlichen Bestimmungen (DSGVO, TKG 2003) verarbeitet. In diesen Datenschutzinformationen informiere ich Sie \u00fcber die wichtigsten Aspekte der Datenverarbeitung im Rahmen dieser Website.<\/p>\n<p><strong>Kontaktformular:<\/strong><br \/>\nDie Nutzung dieser Webseite ist in der Regel ohne Angabe personenbezogener Daten m\u00f6glich. Wenn Sie per Formular auf der Website oder per E-Mail Kontakt mit mir aufnehmen, werden Ihre angegebenen Daten (beispielsweise Name, E-Mail-Adresse oder Telefonnummer) zwecks Bearbeitung der Anfrage und f\u00fcr den Fall von Anschlussfragen sechs Monate bei mir gespeichert. Diese Daten werden nicht ohne Ihre ausdr\u00fcckliche Einwilligung an Dritte weitergegeben.<\/p>\n<p><strong>Cookies:<\/strong><br \/>\nDiese Website verwendet so genannte Cookies. Dabei handelt es sich um kleine Textdateien, die mit Hilfe des Browsers auf Ihrem Endger\u00e4t abgelegt werden. Sie richten keinen Schaden an. Cookies werden dazu genutzt, das Angebot nutzerfreundlich zu gestalten. Einige Cookies bleiben auf Ihrem Endger\u00e4t gespeichert, bis Sie diese l\u00f6schen. Sie erm\u00f6glichen es, Ihren Browser beim n\u00e4chsten Besuch wiederzuerkennen. Wenn Sie dies nicht w\u00fcnschen, so k\u00f6nnen Sie Ihren Browser so einrichten, dass er Sie \u00fcber das Setzen von Cookies informiert und Sie dies nur im Einzelfall erlauben. Bei der Deaktivierung von Cookies kann die Funktionalit\u00e4t der Website eingeschr\u00e4nkt sein.<\/p>\n<p><strong>\u00a0<\/strong>[\/vc_column_text][\/vc_column][vc_column width=&#8220;1\/2&#8243;][vc_column_text]<strong>Ihre Rechte:<\/strong><br \/>\nIhnen stehen grunds\u00e4tzlich jederzeit die Rechte auf Auskunft, Berichtigung, L\u00f6schung, Einschr\u00e4nkung, Daten\u00fcbertragbarkeit, Widerruf und Widerspruch zu. In diesen F\u00e4llen oder bei sonstigen Fragen zur Verarbeitung personenbezogener Daten k\u00f6nnen Sie mich wie folgt erreichen:<\/p>\n<p><strong>Newsletter:<\/strong><br \/>\nDer Newsletter wird gegebenenfalls mit dem Newsletterdienst Mailchimp des Anbieters The Rocket Science Group, LLC 675 Ponce de Leon Ave NE Suite 5000 Atlanta, GA 30308 USA verwaltet und versendet.<br \/>\nSie haben die M\u00f6glichkeit, diesen Newsletter\u00fcber \u00fcber einen Link auf dieser Website zum Anmeldeformular zu abonnieren. Hierf\u00fcr wird Ihre E-Mail-Adresse und Ihre aktive Zustimmung, dass Sie mit dem Bezug des Newsletters einverstanden sind, ben\u00f6tigt. Um Sie zielgerichtet mit Informationen zu versorgen, erhebe und verarbeite ich au\u00dferdem freiwillig gemachte Angaben zu Titel \/ Akad. Grad, Vorname, Nachname, Firma, Funktion und bevorzugtem E-Mail Format.<br \/>\nDie dadurch erzeugten Informationen werden im Rahmen der EU-U.S.-Privacy-Shield-Framework-Zertifizierung des Newsletterdienst-Anbieters auf einen Server des Newsletterdienst-Anbieters in ein au\u00dfereurop\u00e4isches Drittl\u00e4nd \u00fcbertragen und dort gespeichert. Mit dem Newsletterdienst-Anbieter wurde ein entsprechender Vertrag zur Auftragsdatenverarbeitung abgeschlossen. Die Beziehung zum Newsletterdienst-Anbieter basiert auf einem Angemessenheitsbeschluss der Europ\u00e4ischen Komission. Die Datenverarbeitung erfolgt auf Basis der gesetzlichen Bestimmungen des \u00a7 96 Abs 3 TKG sowie des Art 6 Abs 1 lit a (Einwilligung) und\/oder f (berechtigtes Interesse) der DSGVO.<\/p>\n<p><strong>Haftungsausschluss<\/strong><br \/>\nLinks von dieser Website zu anderen Internet\u2010Seiten diverser Dritter wurden von uns mit gr\u00f6\u00dfter Sorgfalt, in Bezugnahme auf die Vertrauensw\u00fcrdigkeit und auch unter Bezugnahme auf die Rechtssicherheit dieser Websites und deren Inhalte, ausgew\u00e4hlt und erstellt. Durch diese unsere Linksetzung zeigen wir allerdings nur den Zugang zu diesen Inhalten der Internet\u2010Seiten diverser Dritter an. Die Inhalte der Websites diverser Dritter k\u00f6nnen sich jedoch jederzeit \u00e4ndern und f\u00fcr uns ist es nicht m\u00f6glich, die \u00dcberpr\u00fcfung dieser Inhalte in jedem Fall sofort durchzuf\u00fchren. Das hei\u00dft, wir haben keinen Einfluss auf die fremden Inhalte der Internet\u2010Seiten diverser Dritter, zu denen wir einen Link gesetzt haben und k\u00f6nnen somit auch keine Gew\u00e4hrleistung daf\u00fcr \u00fcbernehmen. F\u00fcr diese fremden Inhalte der Internet\u2010Seiten diverser Dritter ist ausschlie\u00dflich der jeweilige Anbieter oder Betreiber dieser Internetseiten verantwortlich. Wir machen uns diese fremden Inhalte ausdr\u00fccklich in keiner Form zu Eigen. F\u00fcr diverse Sch\u00e4den aus dem Gebrauch, der Nutzung oder Nichtnutzung dieser fremden Inhalte haftet ausschlie\u00dflich der jeweilige Anbieter oder Betreiber dieser Internetseiten, auf die verlinkt wurde. Sollten uns jedoch Rechtsverletzungen oder sonstige vertrauensmindernde Vorg\u00e4nge bekannt werden, werden wir die Verlinkung zu diesen Websites umgehend entfernen[\/vc_column_text][\/vc_column][\/vc_row]<\/p>\n<\/div>","protected":false},"excerpt":{"rendered":"<p>[vc_row gap=&#8220;25&#8243; bg_type=&#8220;image&#8220; parallax_style=&#8220;vcpb-vz-jquery&#8220; bg_image_new=&#8220;id^1064|url^http:\/\/www.angelikakroyer.at\/wp-content\/uploads\/2018\/09\/kreis_bg.png|caption^null|alt^null|title^kreis_bg|description^null&#8220; bg_image_repeat=&#8220;no-repeat&#8220; bg_image_size=&#8220;initial&#8220; bg_override=&#8220;ex-full&#8220; seperator_enable=&#8220;off&#8220; ult_hide_row=&#8220;off&#8220; type=&#8220;vc_default&#8220; anchor=&#8220;schedule&#8220; css=&#8220;.vc_custom_1536846688392{padding-top: 5% !important;padding-bottom: 100px !important;background-position: 0 0 !important;background-repeat: no-repeat !important;}&#8220; el_id=&#8220;schedule&#8220;][vc_column width=&#8220;1\/2&#8243; css=&#8220;.vc_custom_1536668408586{padding-bottom: 50px !important;background-position: center !important;background-repeat: no-repeat !important;background-size: cover !important;}&#8220;][vc_column_text css=&#8220;.vc_custom_1537531589650{padding-bottom: 40px !important;}&#8220;] Datenschutz Datenschutzerkl\u00e4rung: Der Schutz Ihrer pers\u00f6nlichen Daten ist mir ein besonderes Anliegen. Ihre Daten werden daher ausschlie\u00dflich auf Grundlage&hellip;<\/p>\n","protected":false},"author":1,"featured_media":0,"parent":0,"menu_order":0,"comment_status":"closed","ping_status":"closed","template":"","meta":{"footnotes":""},"class_list":["post-1007","page","type-page","status-publish","hentry","description-off"],"_links":{"self":[{"href":"https:\/\/www.angelikakroyer.at\/index.php?rest_route=\/wp\/v2\/pages\/1007","targetHints":{"allow":["GET"]}}],"collection":[{"href":"https:\/\/www.angelikakroyer.at\/index.php?rest_route=\/wp\/v2\/pages"}],"about":[{"href":"https:\/\/www.angelikakroyer.at\/index.php?rest_route=\/wp\/v2\/types\/page"}],"author":[{"embeddable":true,"href":"https:\/\/www.angelikakroyer.at\/index.php?rest_route=\/wp\/v2\/users\/1"}],"replies":[{"embeddable":true,"href":"https:\/\/www.angelikakroyer.at\/index.php?rest_route=%2Fwp%2Fv2%2Fcomments&post=1007"}],"version-history":[{"count":5,"href":"https:\/\/www.angelikakroyer.at\/index.php?rest_route=\/wp\/v2\/pages\/1007\/revisions"}],"predecessor-version":[{"id":1240,"href":"https:\/\/www.angelikakroyer.at\/index.php?rest_route=\/wp\/v2\/pages\/1007\/revisions\/1240"}],"wp:attachment":[{"href":"https:\/\/www.angelikakroyer.at\/index.php?rest_route=%2Fwp%2Fv2%2Fmedia&parent=1007"}],"curies":[{"name":"wp","href":"https:\/\/api.w.org\/{rel}","templated":true}]}}